{"id":303,"date":"2017-11-09T15:10:39","date_gmt":"2017-11-09T15:10:39","guid":{"rendered":"http:\/\/wp-master-powergo.eliappwordpress1sto.elisys-servers.ca\/?page_id=303"},"modified":"2025-05-12T14:52:11","modified_gmt":"2025-05-12T18:52:11","slug":"produits-occasion","status":"publish","type":"page","link":"https:\/\/www.legacyautoplus.ca\/fr\/produits-occasion\/","title":{"rendered":"Inventaire d\u2019occasion"},"content":{"rendered":"<p>Envie de vous procurer un nouveau v\u00e9hicule sans la facture d\u2019une voiture neuve? Notre <strong>inventaire d\u2019occasion<\/strong> est l\u2019endroit o\u00f9 il faut \u00eatre!<\/p>\n<div class=\"textMore\">\n<p>Un mod\u00e8le en particulier vous est tomb\u00e9 dans l&rsquo;\u0153il? Vous avez des questions concernant notre inventaire d\u2019occasion? <a href=\"https:\/\/www.legacyautoplus.ca\/fr\/contact\/\">Contactez notre \u00e9quipe d\u2019expert\u00b7e\u00b7s<\/a>! Ils sauront vous guider et vous conseiller avec plaisir.<\/p>\n<p>Passez nous voir en concession chez Legacy Auto Plus \u00e0 <strong>Nigadoo<\/strong>, au Nouveau-Brunswick!<\/p>\n<\/div>\n","protected":false},"excerpt":{"rendered":"<p>Envie de vous procurer un nouveau v\u00e9hicule sans la facture d\u2019une voiture neuve? Notre inventaire d\u2019occasion est l\u2019endroit o\u00f9 il faut \u00eatre! Un mod\u00e8le en particulier vous est tomb\u00e9 dans l&rsquo;\u0153il? Vous avez des questions concernant notre inventaire d\u2019occasion? Contactez notre \u00e9quipe d\u2019expert\u00b7e\u00b7s! Ils sauront vous guider et vous conseiller avec plaisir. Passez nous voir &hellip; <a href=\"https:\/\/www.legacyautoplus.ca\/fr\/produits-occasion\/\">Suite<\/a><\/p>\n","protected":false},"author":1,"featured_media":0,"parent":0,"menu_order":0,"comment_status":"closed","ping_status":"closed","template":"template-listing-used-products.php","meta":[],"acf":{"content_featured_type":"","page_arg_used":true,"page_arg_custom":false,"page_arg_filters_used":[{"field":"condition","compare":"=","value":"V\u00e9hicule d'occasion","type":""}],"contact_form_custom_html_id":"","contact_form_custom_form_id":false},"_links":{"self":[{"href":"https:\/\/www.legacyautoplus.ca\/fr\/wp-json\/wp\/v2\/pages\/303"}],"collection":[{"href":"https:\/\/www.legacyautoplus.ca\/fr\/wp-json\/wp\/v2\/pages"}],"about":[{"href":"https:\/\/www.legacyautoplus.ca\/fr\/wp-json\/wp\/v2\/types\/page"}],"author":[{"embeddable":true,"href":"https:\/\/www.legacyautoplus.ca\/fr\/wp-json\/wp\/v2\/users\/1"}],"replies":[{"embeddable":true,"href":"https:\/\/www.legacyautoplus.ca\/fr\/wp-json\/wp\/v2\/comments?post=303"}],"version-history":[{"count":12,"href":"https:\/\/www.legacyautoplus.ca\/fr\/wp-json\/wp\/v2\/pages\/303\/revisions"}],"predecessor-version":[{"id":29591,"href":"https:\/\/www.legacyautoplus.ca\/fr\/wp-json\/wp\/v2\/pages\/303\/revisions\/29591"}],"wp:attachment":[{"href":"https:\/\/www.legacyautoplus.ca\/fr\/wp-json\/wp\/v2\/media?parent=303"}],"curies":[{"name":"wp","href":"https:\/\/api.w.org\/{rel}","templated":true}]}}